{"id":54,"date":"2023-08-30T01:14:12","date_gmt":"2023-08-29T23:14:12","guid":{"rendered":"https:\/\/neubau.schuetzenverein-suelzfeld.de\/?page_id=54"},"modified":"2023-12-03T00:40:23","modified_gmt":"2023-12-02T23:40:23","slug":"sponsoren","status":"publish","type":"page","link":"https:\/\/schuetzenverein-suelzfeld.de\/?page_id=54","title":{"rendered":"SPONSOREN"},"content":{"rendered":"\t\t<div data-elementor-type=\"wp-page\" data-elementor-id=\"54\" class=\"elementor elementor-54\">\n\t\t\t\t\t\t<section class=\"elementor-section elementor-top-section elementor-element elementor-element-44e9930 elementor-section-boxed elementor-section-height-default elementor-section-height-default elementor-invisible\" data-id=\"44e9930\" data-element_type=\"section\" data-e-type=\"section\" data-settings=\"{&quot;animation&quot;:&quot;rollIn&quot;}\">\n\t\t\t\t\t\t<div class=\"elementor-container elementor-column-gap-default\">\n\t\t\t\t\t<div class=\"elementor-column elementor-col-50 elementor-top-column elementor-element elementor-element-2cc165f\" data-id=\"2cc165f\" data-element_type=\"column\" data-e-type=\"column\">\n\t\t\t<div class=\"elementor-widget-wrap elementor-element-populated\">\n\t\t\t\t\t\t<div class=\"elementor-element elementor-element-60437d5 elementor-position-top elementor-widget elementor-widget-image-box\" data-id=\"60437d5\" data-element_type=\"widget\" data-e-type=\"widget\" data-widget_type=\"image-box.default\">\n\t\t\t\t<div class=\"elementor-widget-container\">\n\t\t\t\t\t<div class=\"elementor-image-box-wrapper\"><figure class=\"elementor-image-box-img\"><a href=\"https:\/\/tsbev.de\/\" target=\"_blank\" rel=\"nofollow\" tabindex=\"-1\"><img fetchpriority=\"high\" decoding=\"async\" width=\"257\" height=\"300\" src=\"https:\/\/schuetzenverein-suelzfeld.de\/wp-content\/uploads\/2023\/08\/1.png\" class=\"attachment-large size-large wp-image-55\" alt=\"\" \/><\/a><\/figure><div class=\"elementor-image-box-content\"><h3 class=\"elementor-image-box-title\"><a href=\"https:\/\/tsbev.de\/\" target=\"_blank\" rel=\"nofollow\">Newsletter<\/a><\/h3><p class=\"elementor-image-box-description\">Th\u00fcringer Sch\u00fctzenbund e.V. <\/p><\/div><\/div>\t\t\t\t<\/div>\n\t\t\t\t<\/div>\n\t\t\t\t\t<\/div>\n\t\t<\/div>\n\t\t\t\t<div class=\"elementor-column elementor-col-50 elementor-top-column elementor-element elementor-element-2d56543\" data-id=\"2d56543\" data-element_type=\"column\" data-e-type=\"column\">\n\t\t\t<div class=\"elementor-widget-wrap elementor-element-populated\">\n\t\t\t\t\t\t<div class=\"elementor-element elementor-element-ac4014a elementor-position-top elementor-widget elementor-widget-image-box\" data-id=\"ac4014a\" data-element_type=\"widget\" data-e-type=\"widget\" data-widget_type=\"image-box.default\">\n\t\t\t\t<div class=\"elementor-widget-container\">\n\t\t\t\t\t<div class=\"elementor-image-box-wrapper\"><figure class=\"elementor-image-box-img\"><a href=\"https:\/\/viba-schmalkalden.de\" target=\"_blank\" rel=\"nofollow\" tabindex=\"-1\"><img decoding=\"async\" width=\"640\" height=\"701\" src=\"https:\/\/schuetzenverein-suelzfeld.de\/wp-content\/uploads\/2023\/11\/Logo_VibaNougat-Welt_cmyk-935x1024.png\" class=\"attachment-large size-large wp-image-394\" alt=\"\" \/><\/a><\/figure><div class=\"elementor-image-box-content\"><h3 class=\"elementor-image-box-title\"><a href=\"https:\/\/viba-schmalkalden.de\" target=\"_blank\" rel=\"nofollow\">Viba Nougat-Welt<\/a><\/h3><p class=\"elementor-image-box-description\">in Schmalkalden<\/p><\/div><\/div>\t\t\t\t<\/div>\n\t\t\t\t<\/div>\n\t\t\t\t\t<\/div>\n\t\t<\/div>\n\t\t\t\t\t<\/div>\n\t\t<\/section>\n\t\t\t\t<section class=\"elementor-section elementor-top-section elementor-element elementor-element-1f6c098 elementor-section-boxed elementor-section-height-default elementor-section-height-default\" data-id=\"1f6c098\" data-element_type=\"section\" data-e-type=\"section\">\n\t\t\t\t\t\t<div class=\"elementor-container elementor-column-gap-default\">\n\t\t\t\t\t<div class=\"elementor-column elementor-col-100 elementor-top-column elementor-element elementor-element-18c18ad\" data-id=\"18c18ad\" data-element_type=\"column\" data-e-type=\"column\">\n\t\t\t<div class=\"elementor-widget-wrap elementor-element-populated\">\n\t\t\t\t\t\t<div class=\"elementor-element elementor-element-5a3ef1a elementor-widget elementor-widget-spacer\" data-id=\"5a3ef1a\" data-element_type=\"widget\" data-e-type=\"widget\" data-widget_type=\"spacer.default\">\n\t\t\t\t<div class=\"elementor-widget-container\">\n\t\t\t\t\t\t\t<div class=\"elementor-spacer\">\n\t\t\t<div class=\"elementor-spacer-inner\"><\/div>\n\t\t<\/div>\n\t\t\t\t\t\t<\/div>\n\t\t\t\t<\/div>\n\t\t\t\t\t<\/div>\n\t\t<\/div>\n\t\t\t\t\t<\/div>\n\t\t<\/section>\n\t\t\t\t<section class=\"elementor-section elementor-top-section elementor-element elementor-element-485a5e6 elementor-section-boxed elementor-section-height-default elementor-section-height-default elementor-invisible\" data-id=\"485a5e6\" data-element_type=\"section\" data-e-type=\"section\" data-settings=\"{&quot;animation&quot;:&quot;rollIn&quot;}\">\n\t\t\t\t\t\t<div class=\"elementor-container elementor-column-gap-default\">\n\t\t\t\t\t<div class=\"elementor-column elementor-col-50 elementor-top-column elementor-element elementor-element-e42351b\" data-id=\"e42351b\" data-element_type=\"column\" data-e-type=\"column\">\n\t\t\t<div class=\"elementor-widget-wrap elementor-element-populated\">\n\t\t\t\t\t\t<div class=\"elementor-element elementor-element-bacc647 elementor-position-top elementor-widget elementor-widget-image-box\" data-id=\"bacc647\" data-element_type=\"widget\" data-e-type=\"widget\" data-widget_type=\"image-box.default\">\n\t\t\t\t<div class=\"elementor-widget-container\">\n\t\t\t\t\t<div class=\"elementor-image-box-wrapper\"><figure class=\"elementor-image-box-img\"><a href=\"https:\/\/twq.de\/\" target=\"_blank\" rel=\"nofollow\" tabindex=\"-1\"><img decoding=\"async\" width=\"500\" height=\"293\" src=\"https:\/\/schuetzenverein-suelzfeld.de\/wp-content\/uploads\/2023\/08\/7.png\" class=\"attachment-large size-large wp-image-61\" alt=\"\" srcset=\"https:\/\/schuetzenverein-suelzfeld.de\/wp-content\/uploads\/2023\/08\/7.png 500w, https:\/\/schuetzenverein-suelzfeld.de\/wp-content\/uploads\/2023\/08\/7-300x176.png 300w\" sizes=\"(max-width: 500px) 100vw, 500px\" \/><\/a><\/figure><div class=\"elementor-image-box-content\"><h3 class=\"elementor-image-box-title\"><a href=\"https:\/\/twq.de\/\" target=\"_blank\" rel=\"nofollow\">Th\u00fcringer Waldquell<\/a><\/h3><\/div><\/div>\t\t\t\t<\/div>\n\t\t\t\t<\/div>\n\t\t\t\t\t<\/div>\n\t\t<\/div>\n\t\t\t\t<div class=\"elementor-column elementor-col-50 elementor-top-column elementor-element elementor-element-6f05d67\" data-id=\"6f05d67\" data-element_type=\"column\" data-e-type=\"column\">\n\t\t\t<div class=\"elementor-widget-wrap elementor-element-populated\">\n\t\t\t\t\t\t<div class=\"elementor-element elementor-element-50b1f34 elementor-position-top elementor-widget elementor-widget-image-box\" data-id=\"50b1f34\" data-element_type=\"widget\" data-e-type=\"widget\" data-widget_type=\"image-box.default\">\n\t\t\t\t<div class=\"elementor-widget-container\">\n\t\t\t\t\t<div class=\"elementor-image-box-wrapper\"><figure class=\"elementor-image-box-img\"><a href=\"https:\/\/www.mbb-mgn.de\/\" target=\"_blank\" rel=\"nofollow\" tabindex=\"-1\"><img loading=\"lazy\" decoding=\"async\" width=\"500\" height=\"293\" src=\"https:\/\/schuetzenverein-suelzfeld.de\/wp-content\/uploads\/2023\/12\/mbb.jpg\" class=\"attachment-large size-large wp-image-608\" alt=\"\" srcset=\"https:\/\/schuetzenverein-suelzfeld.de\/wp-content\/uploads\/2023\/12\/mbb.jpg 500w, https:\/\/schuetzenverein-suelzfeld.de\/wp-content\/uploads\/2023\/12\/mbb-300x176.jpg 300w\" sizes=\"(max-width: 500px) 100vw, 500px\" \/><\/a><\/figure><div class=\"elementor-image-box-content\"><h3 class=\"elementor-image-box-title\"><a href=\"https:\/\/www.mbb-mgn.de\/\" target=\"_blank\" rel=\"nofollow\">Meininger Busbetriebs GmbH<\/a><\/h3><\/div><\/div>\t\t\t\t<\/div>\n\t\t\t\t<\/div>\n\t\t\t\t\t<\/div>\n\t\t<\/div>\n\t\t\t\t\t<\/div>\n\t\t<\/section>\n\t\t\t\t<section class=\"elementor-section elementor-top-section elementor-element elementor-element-a2ebf62 elementor-section-boxed elementor-section-height-default elementor-section-height-default\" data-id=\"a2ebf62\" data-element_type=\"section\" data-e-type=\"section\">\n\t\t\t\t\t\t<div class=\"elementor-container elementor-column-gap-default\">\n\t\t\t\t\t<div class=\"elementor-column elementor-col-100 elementor-top-column elementor-element elementor-element-b6b5a61\" data-id=\"b6b5a61\" data-element_type=\"column\" data-e-type=\"column\">\n\t\t\t<div class=\"elementor-widget-wrap elementor-element-populated\">\n\t\t\t\t\t\t<div class=\"elementor-element elementor-element-7d817d4 elementor-widget elementor-widget-spacer\" data-id=\"7d817d4\" data-element_type=\"widget\" data-e-type=\"widget\" data-widget_type=\"spacer.default\">\n\t\t\t\t<div class=\"elementor-widget-container\">\n\t\t\t\t\t\t\t<div class=\"elementor-spacer\">\n\t\t\t<div class=\"elementor-spacer-inner\"><\/div>\n\t\t<\/div>\n\t\t\t\t\t\t<\/div>\n\t\t\t\t<\/div>\n\t\t\t\t\t<\/div>\n\t\t<\/div>\n\t\t\t\t\t<\/div>\n\t\t<\/section>\n\t\t\t\t<section class=\"elementor-section elementor-top-section elementor-element elementor-element-6bf480b elementor-section-boxed elementor-section-height-default elementor-section-height-default elementor-invisible\" data-id=\"6bf480b\" data-element_type=\"section\" data-e-type=\"section\" data-settings=\"{&quot;animation&quot;:&quot;rollIn&quot;}\">\n\t\t\t\t\t\t<div class=\"elementor-container elementor-column-gap-default\">\n\t\t\t\t\t<div class=\"elementor-column elementor-col-50 elementor-top-column elementor-element elementor-element-73f040a\" data-id=\"73f040a\" data-element_type=\"column\" data-e-type=\"column\">\n\t\t\t<div class=\"elementor-widget-wrap elementor-element-populated\">\n\t\t\t\t\t\t<div class=\"elementor-element elementor-element-a9ebcef elementor-position-top elementor-widget elementor-widget-image-box\" data-id=\"a9ebcef\" data-element_type=\"widget\" data-e-type=\"widget\" data-widget_type=\"image-box.default\">\n\t\t\t\t<div class=\"elementor-widget-container\">\n\t\t\t\t\t<div class=\"elementor-image-box-wrapper\"><figure class=\"elementor-image-box-img\"><a href=\"https:\/\/www.hotelfasold.de\" target=\"_blank\" rel=\"nofollow\" tabindex=\"-1\"><img loading=\"lazy\" decoding=\"async\" width=\"257\" height=\"149\" src=\"https:\/\/schuetzenverein-suelzfeld.de\/wp-content\/uploads\/2023\/08\/2.png\" class=\"attachment-large size-large wp-image-56\" alt=\"\" \/><\/a><\/figure><div class=\"elementor-image-box-content\"><h3 class=\"elementor-image-box-title\"><a href=\"https:\/\/www.hotelfasold.de\" target=\"_blank\" rel=\"nofollow\">S\u00fclzfeld<\/a><\/h3><\/div><\/div>\t\t\t\t<\/div>\n\t\t\t\t<\/div>\n\t\t\t\t\t<\/div>\n\t\t<\/div>\n\t\t\t\t<div class=\"elementor-column elementor-col-50 elementor-top-column elementor-element elementor-element-8b98296\" data-id=\"8b98296\" data-element_type=\"column\" data-e-type=\"column\">\n\t\t\t<div class=\"elementor-widget-wrap elementor-element-populated\">\n\t\t\t\t\t\t<div class=\"elementor-element elementor-element-3037b91 elementor-position-top elementor-widget elementor-widget-image-box\" data-id=\"3037b91\" data-element_type=\"widget\" data-e-type=\"widget\" data-widget_type=\"image-box.default\">\n\t\t\t\t<div class=\"elementor-widget-container\">\n\t\t\t\t\t<div class=\"elementor-image-box-wrapper\"><figure class=\"elementor-image-box-img\"><a href=\"http:\/\/rhoenbrauerei.de\/willkommen\" target=\"_blank\" rel=\"nofollow\" tabindex=\"-1\"><img loading=\"lazy\" decoding=\"async\" width=\"257\" height=\"218\" src=\"https:\/\/schuetzenverein-suelzfeld.de\/wp-content\/uploads\/2023\/08\/3.png\" class=\"attachment-full size-full wp-image-57\" alt=\"\" \/><\/a><\/figure><div class=\"elementor-image-box-content\"><h3 class=\"elementor-image-box-title\"><a href=\"http:\/\/rhoenbrauerei.de\/willkommen\" target=\"_blank\" rel=\"nofollow\">Kaltennordheim<\/a><\/h3><\/div><\/div>\t\t\t\t<\/div>\n\t\t\t\t<\/div>\n\t\t\t\t\t<\/div>\n\t\t<\/div>\n\t\t\t\t\t<\/div>\n\t\t<\/section>\n\t\t\t\t<section class=\"elementor-section elementor-top-section elementor-element elementor-element-00227c7 elementor-section-boxed elementor-section-height-default elementor-section-height-default\" data-id=\"00227c7\" data-element_type=\"section\" data-e-type=\"section\">\n\t\t\t\t\t\t<div class=\"elementor-container elementor-column-gap-default\">\n\t\t\t\t\t<div class=\"elementor-column elementor-col-100 elementor-top-column elementor-element elementor-element-72e495f\" data-id=\"72e495f\" data-element_type=\"column\" data-e-type=\"column\">\n\t\t\t<div class=\"elementor-widget-wrap elementor-element-populated\">\n\t\t\t\t\t\t<div class=\"elementor-element elementor-element-30040b4 elementor-widget elementor-widget-spacer\" data-id=\"30040b4\" data-element_type=\"widget\" data-e-type=\"widget\" data-widget_type=\"spacer.default\">\n\t\t\t\t<div class=\"elementor-widget-container\">\n\t\t\t\t\t\t\t<div class=\"elementor-spacer\">\n\t\t\t<div class=\"elementor-spacer-inner\"><\/div>\n\t\t<\/div>\n\t\t\t\t\t\t<\/div>\n\t\t\t\t<\/div>\n\t\t\t\t\t<\/div>\n\t\t<\/div>\n\t\t\t\t\t<\/div>\n\t\t<\/section>\n\t\t\t\t<section class=\"elementor-section elementor-top-section elementor-element elementor-element-6fd5b39 elementor-section-boxed elementor-section-height-default elementor-section-height-default elementor-invisible\" data-id=\"6fd5b39\" data-element_type=\"section\" data-e-type=\"section\" data-settings=\"{&quot;animation&quot;:&quot;rollIn&quot;}\">\n\t\t\t\t\t\t<div class=\"elementor-container elementor-column-gap-default\">\n\t\t\t\t\t<div class=\"elementor-column elementor-col-50 elementor-top-column elementor-element elementor-element-5c84da7\" data-id=\"5c84da7\" data-element_type=\"column\" data-e-type=\"column\">\n\t\t\t<div class=\"elementor-widget-wrap elementor-element-populated\">\n\t\t\t\t\t\t<div class=\"elementor-element elementor-element-9166b4d elementor-position-top elementor-widget elementor-widget-image-box\" data-id=\"9166b4d\" data-element_type=\"widget\" data-e-type=\"widget\" data-widget_type=\"image-box.default\">\n\t\t\t\t<div class=\"elementor-widget-container\">\n\t\t\t\t\t<div class=\"elementor-image-box-wrapper\"><figure class=\"elementor-image-box-img\"><a href=\"https:\/\/www.beschriftungsteam.com\/\" target=\"_blank\" rel=\"nofollow\" tabindex=\"-1\"><img loading=\"lazy\" decoding=\"async\" width=\"257\" height=\"93\" src=\"https:\/\/schuetzenverein-suelzfeld.de\/wp-content\/uploads\/2023\/08\/5.png\" class=\"attachment-large size-large wp-image-59\" alt=\"\" \/><\/a><\/figure><div class=\"elementor-image-box-content\"><h3 class=\"elementor-image-box-title\"><a href=\"https:\/\/www.beschriftungsteam.com\/\" target=\"_blank\" rel=\"nofollow\">BESCHRIFTUNGSCENTER<\/a><\/h3><p class=\"elementor-image-box-description\">Lars Schmiedel<\/p><\/div><\/div>\t\t\t\t<\/div>\n\t\t\t\t<\/div>\n\t\t\t\t\t<\/div>\n\t\t<\/div>\n\t\t\t\t<div class=\"elementor-column elementor-col-50 elementor-top-column elementor-element elementor-element-bf72b12\" data-id=\"bf72b12\" data-element_type=\"column\" data-e-type=\"column\">\n\t\t\t<div class=\"elementor-widget-wrap elementor-element-populated\">\n\t\t\t\t\t\t<div class=\"elementor-element elementor-element-4a88c5d elementor-position-top elementor-widget elementor-widget-image-box\" data-id=\"4a88c5d\" data-element_type=\"widget\" data-e-type=\"widget\" data-widget_type=\"image-box.default\">\n\t\t\t\t<div class=\"elementor-widget-container\">\n\t\t\t\t\t<div class=\"elementor-image-box-wrapper\"><figure class=\"elementor-image-box-img\"><a href=\"https:\/\/www.rhoen-rennsteig-sparkasse.de\/de\/home.html\" target=\"_blank\" rel=\"nofollow\" tabindex=\"-1\"><img loading=\"lazy\" decoding=\"async\" width=\"257\" height=\"114\" src=\"https:\/\/schuetzenverein-suelzfeld.de\/wp-content\/uploads\/2023\/08\/6.png\" class=\"attachment-large size-large wp-image-60\" alt=\"\" \/><\/a><\/figure><div class=\"elementor-image-box-content\"><h3 class=\"elementor-image-box-title\"><a href=\"https:\/\/www.rhoen-rennsteig-sparkasse.de\/de\/home.html\" target=\"_blank\" rel=\"nofollow\">Rh\u00f6n-Rennsteig-Sparkasse<\/a><\/h3><\/div><\/div>\t\t\t\t<\/div>\n\t\t\t\t<\/div>\n\t\t\t\t\t<\/div>\n\t\t<\/div>\n\t\t\t\t\t<\/div>\n\t\t<\/section>\n\t\t\t\t<\/div>\n\t\t","protected":false},"excerpt":{"rendered":"<p>Newsletter Th\u00fcringer Sch\u00fctzenbund e.V. Viba Nougat-Welt in Schmalkalden Th\u00fcringer Waldquell Meininger Busbetriebs GmbH S\u00fclzfeld Kaltennordheim BESCHRIFTUNGSCENTER Lars Schmiedel Rh\u00f6n-Rennsteig-Sparkasse<\/p>\n","protected":false},"author":1,"featured_media":0,"parent":0,"menu_order":0,"comment_status":"closed","ping_status":"closed","template":"page-full-width.php","meta":{"footnotes":""},"class_list":["post-54","page","type-page","status-publish","hentry"],"_links":{"self":[{"href":"https:\/\/schuetzenverein-suelzfeld.de\/index.php?rest_route=\/wp\/v2\/pages\/54","targetHints":{"allow":["GET"]}}],"collection":[{"href":"https:\/\/schuetzenverein-suelzfeld.de\/index.php?rest_route=\/wp\/v2\/pages"}],"about":[{"href":"https:\/\/schuetzenverein-suelzfeld.de\/index.php?rest_route=\/wp\/v2\/types\/page"}],"author":[{"embeddable":true,"href":"https:\/\/schuetzenverein-suelzfeld.de\/index.php?rest_route=\/wp\/v2\/users\/1"}],"replies":[{"embeddable":true,"href":"https:\/\/schuetzenverein-suelzfeld.de\/index.php?rest_route=%2Fwp%2Fv2%2Fcomments&post=54"}],"version-history":[{"count":46,"href":"https:\/\/schuetzenverein-suelzfeld.de\/index.php?rest_route=\/wp\/v2\/pages\/54\/revisions"}],"predecessor-version":[{"id":611,"href":"https:\/\/schuetzenverein-suelzfeld.de\/index.php?rest_route=\/wp\/v2\/pages\/54\/revisions\/611"}],"wp:attachment":[{"href":"https:\/\/schuetzenverein-suelzfeld.de\/index.php?rest_route=%2Fwp%2Fv2%2Fmedia&parent=54"}],"curies":[{"name":"wp","href":"https:\/\/api.w.org\/{rel}","templated":true}]}}